{"id":80,"date":"2024-04-27T08:33:39","date_gmt":"2024-04-27T08:33:39","guid":{"rendered":"https:\/\/bnbkjupiter.com\/?page_id=80"},"modified":"2024-04-30T16:06:01","modified_gmt":"2024-04-30T16:06:01","slug":"about-us","status":"publish","type":"page","link":"https:\/\/bnbkjupiter.com\/tr\/about-us\/","title":{"rendered":"Hakk\u0131m\u0131zda"},"content":{"rendered":"<div data-elementor-type=\"wp-page\" data-elementor-id=\"80\" class=\"elementor elementor-80\">\n\t\t\t\t<div class=\"elementor-element elementor-element-fa8e4ac e-flex e-con-boxed e-con e-parent\" data-id=\"fa8e4ac\" data-element_type=\"container\" data-settings=\"{&quot;background_background&quot;:&quot;classic&quot;}\">\n\t\t\t\t\t<div class=\"e-con-inner\">\n\t\t\t\t<div class=\"elementor-element elementor-element-aa234af elementor-widget elementor-widget-heading\" data-id=\"aa234af\" data-element_type=\"widget\" data-widget_type=\"heading.default\">\n\t\t\t\t<div class=\"elementor-widget-container\">\n\t\t\t\t\t<h1 class=\"elementor-heading-title elementor-size-default\">HAKKIMIZDA<\/h1>\t\t\t\t<\/div>\n\t\t\t\t<\/div>\n\t\t\t\t\t<\/div>\n\t\t\t\t<\/div>\n\t\t<div class=\"elementor-element elementor-element-d04763a e-flex e-con-boxed e-con e-parent\" data-id=\"d04763a\" data-element_type=\"container\">\n\t\t\t\t\t<div class=\"e-con-inner\">\n\t\t<div class=\"elementor-element elementor-element-3f701a0 e-flex e-con-boxed e-con e-child\" data-id=\"3f701a0\" data-element_type=\"container\">\n\t\t\t\t\t<div class=\"e-con-inner\">\n\t\t\t\t<div class=\"elementor-element elementor-element-f3c381c elementor-invisible elementor-widget elementor-widget-heading\" data-id=\"f3c381c\" data-element_type=\"widget\" data-settings=\"{&quot;_animation&quot;:&quot;fadeInDown&quot;}\" data-widget_type=\"heading.default\">\n\t\t\t\t<div class=\"elementor-widget-container\">\n\t\t\t\t\t<h2 class=\"elementor-heading-title elementor-size-default\">M\u0130SYONUMUZ<\/h2>\t\t\t\t<\/div>\n\t\t\t\t<\/div>\n\t\t\t\t<div class=\"elementor-element elementor-element-fae1a95 elementor-invisible elementor-widget elementor-widget-text-editor\" data-id=\"fae1a95\" data-element_type=\"widget\" data-settings=\"{&quot;_animation&quot;:&quot;fadeInDown&quot;}\" data-widget_type=\"text-editor.default\">\n\t\t\t\t<div class=\"elementor-widget-container\">\n\t\t\t\t\t\t\t\t\t<p>BNBK JUPITER LLC, Kimyan\u0131n evrensel g\u00fcc\u00fcyle d\u00fcnya \u00fclkeleri aras\u0131nda g\u00fcvenilir ve g\u00fc\u00e7l\u00fc ba\u011flar olu\u015fturarak, bir\u00e7ok \u00fcretim sekt\u00f6r\u00fcn\u00fcn farkl\u0131 kategorilerdeki hammadde taleplerini kar\u015f\u0131lamak amac\u0131yla 2023 y\u0131l\u0131nda ABD\u2019de kurulmu\u015f bir LLC \u015firketidir.<\/p><p>BNBK JUPITER, d\u00fcnya genelindeki \u00fclkeler aras\u0131nda g\u00fcvenilir ve s\u00fcrd\u00fcr\u00fclebilir ticaret ba\u011flant\u0131lar\u0131 kurmay\u0131 misyon edinmi\u015ftir. Kimyan\u0131n evrensel g\u00fcc\u00fcn\u00fc kullanarak, farkl\u0131 sekt\u00f6rlerdeki hammadde taleplerini kar\u015f\u0131lamak ve uluslararas\u0131 i\u015fbirli\u011fini te\u015fvik etmek i\u00e7in \u00e7\u00f6z\u00fcm odakl\u0131 yakla\u015f\u0131mlar sunmaktad\u0131r. M\u00fc\u015fteri memnuniyetini ve etik de\u011ferleri \u00f6n planda tutarak, k\u00fcresel ekonomik kalk\u0131nmaya katk\u0131 sa\u011flamay\u0131 hedeflemektedir. BNBK JUPITER LLC, s\u00fcrd\u00fcr\u00fclebilirlik ve yenilik\u00e7ilik ilkelerini benimseyerek, toplum ve \u00e7evre \u00fczerinde olumlu bir etki yaratmay\u0131 ama\u00e7lamaktad\u0131r.<\/p><p>\u00a0<\/p>\t\t\t\t\t\t\t\t<\/div>\n\t\t\t\t<\/div>\n\t\t<div class=\"elementor-element elementor-element-c116291 e-con-full e-flex e-con e-child\" data-id=\"c116291\" data-element_type=\"container\">\n\t\t\t\t<\/div>\n\t\t\t\t<div class=\"elementor-element elementor-element-208b990 elementor-invisible elementor-widget elementor-widget-heading\" data-id=\"208b990\" data-element_type=\"widget\" data-settings=\"{&quot;_animation&quot;:&quot;fadeInDown&quot;}\" data-widget_type=\"heading.default\">\n\t\t\t\t<div class=\"elementor-widget-container\">\n\t\t\t\t\t<h2 class=\"elementor-heading-title elementor-size-default\">V\u0130ZYONUMUZ<\/h2>\t\t\t\t<\/div>\n\t\t\t\t<\/div>\n\t\t\t\t<div class=\"elementor-element elementor-element-904da1f elementor-invisible elementor-widget elementor-widget-text-editor\" data-id=\"904da1f\" data-element_type=\"widget\" data-settings=\"{&quot;_animation&quot;:&quot;fadeInDown&quot;}\" data-widget_type=\"text-editor.default\">\n\t\t\t\t<div class=\"elementor-widget-container\">\n\t\t\t\t\t\t\t\t\t<p>BNBK JUPITER LLC, m\u00fcmk\u00fcn olan en do\u011fal i\u00e7erikli hammaddeleri kullan\u0131c\u0131lar\u0131yla, belirlenen kalite, fiyat ve zamanda s\u0131f\u0131r hata ile bulu\u015fturan, ak\u0131ll\u0131 teknolojiler e\u015fli\u011finde kendisini ve payda\u015flar\u0131n\u0131 gelecek nesillerin beklentilerine adapte ederek s\u00fcrekli geli\u015fim g\u00f6steren evrensel bir \u015firket olmay\u0131 ama\u00e7lamaktad\u0131r. D\u00fcnya genelindeki tedarik zincirlerini g\u00fc\u00e7lendiren lider bir \u015firket olmay\u0131 hedeflemektedir. Yenilik\u00e7i yakla\u015f\u0131mlarla, s\u00fcrd\u00fcr\u00fclebilirlik ilkesini benimseyerek, k\u00fcresel ticaretin geli\u015fimine katk\u0131da bulunmak ve uluslararas\u0131 ili\u015fkilerde k\u00f6pr\u00fc g\u00f6revi g\u00f6rmek i\u00e7in \u00e7al\u0131\u015fmaktad\u0131r. S\u00fcrekli b\u00fcy\u00fcyen ve d\u00f6n\u00fc\u015fen k\u00fcresel piyasalarda \u00f6nc\u00fc bir rol \u00fcstlenmeyi ama\u00e7lamaktad\u0131r. BNBK JUPITER LLC, teknolojik ilerlemeyi takip ederek, verimlili\u011fi art\u0131ran \u00e7\u00f6z\u00fcmler sunmay\u0131 ve \u015feffafl\u0131\u011f\u0131 esas alarak t\u00fcm payda\u015flar aras\u0131nda g\u00fc\u00e7l\u00fc ili\u015fkiler kurmay\u0131 hedeflemektedir.<\/p><p><br><\/p>\t\t\t\t\t\t\t\t<\/div>\n\t\t\t\t<\/div>\n\t\t<div class=\"elementor-element elementor-element-6de4464 e-con-full e-flex e-con e-child\" data-id=\"6de4464\" data-element_type=\"container\">\n\t\t\t\t<\/div>\n\t\t\t\t<div class=\"elementor-element elementor-element-c7db2b9 elementor-invisible elementor-widget elementor-widget-heading\" data-id=\"c7db2b9\" data-element_type=\"widget\" data-settings=\"{&quot;_animation&quot;:&quot;fadeInDown&quot;}\" data-widget_type=\"heading.default\">\n\t\t\t\t<div class=\"elementor-widget-container\">\n\t\t\t\t\t<h2 class=\"elementor-heading-title elementor-size-default\">KAL\u0130TE POL\u0130T\u0130KAMIZ<\/h2>\t\t\t\t<\/div>\n\t\t\t\t<\/div>\n\t\t\t\t<div class=\"elementor-element elementor-element-abee47a elementor-invisible elementor-widget elementor-widget-text-editor\" data-id=\"abee47a\" data-element_type=\"widget\" data-settings=\"{&quot;_animation&quot;:&quot;fadeInDown&quot;}\" data-widget_type=\"text-editor.default\">\n\t\t\t\t<div class=\"elementor-widget-container\">\n\t\t\t\t\t\t\t\t\t<p>BNBK JUPITER LLC, \u015eirketimiz i\u00e7in kalite; m\u00fc\u015fterilerimizin beklentilerini do\u011fru anlayarak optimum \u015fartlarla kar\u015f\u0131lamak ve tecr\u00fcbeli teknik ekibimizle s\u00fcre\u00e7leri maksimum verimlilikle y\u00f6neterek, d\u00fcnyan\u0131n her noktas\u0131na en iyi kaliteyi m\u00fcmk\u00fcn olan en d\u00fc\u015f\u00fck maliyetle sunmakt\u0131r. M\u00fc\u015fteri memnuniyetini en \u00fcst d\u00fczeyde tutarak kalite standartlar\u0131n\u0131 s\u00fcrekli iyile\u015ftirmeyi taahh\u00fct etmektedir. Hammadde tedariki, \u00fcretim s\u00fcre\u00e7leri ve lojistik operasyonlar\u0131nda y\u00fcksek kalite ve g\u00fcvenilirlik sa\u011flamak i\u00e7in titizlikle \u00e7al\u0131\u015fmaktad\u0131r. \u00c7evresel ve sosyal sorumluluk bilinciyle hareket ederek, etik de\u011ferlere ba\u011fl\u0131 kal\u0131rken, \u00e7al\u0131\u015fanlar\u0131n e\u011fitimine ve geli\u015fimine de \u00f6nem vermektedir. S\u00fcrekli iyile\u015ftirme ve yenilik\u00e7ilik ilkelerini benimseyen BNBK JUPITER LLC, kalite politikas\u0131n\u0131 i\u015f s\u00fcre\u00e7lerinin ayr\u0131lmaz bir par\u00e7as\u0131 haline getirerek s\u00fcrekli ba\u015far\u0131y\u0131 hedeflemektedir. M\u00fc\u015fterilerin beklentilerini a\u015farak, sekt\u00f6rde \u00f6rnek bir kurulu\u015f olmay\u0131 ama\u00e7lamaktad\u0131r.<\/p>\t\t\t\t\t\t\t\t<\/div>\n\t\t\t\t<\/div>\n\t\t\t\t\t<\/div>\n\t\t\t\t<\/div>\n\t\t\t\t\t<\/div>\n\t\t\t\t<\/div>\n\t\t<div class=\"elementor-element elementor-element-6c82859 e-flex e-con-boxed e-con e-parent\" data-id=\"6c82859\" data-element_type=\"container\">\n\t\t\t\t\t<div class=\"e-con-inner\">\n\t\t\t\t\t<\/div>\n\t\t\t\t<\/div>\n\t\t\t\t<\/div>","protected":false},"excerpt":{"rendered":"<p>ABOUT US MISSION BNBK JUPITER LLC is an LLC company established in 2023 in the USA to meet the raw material demands of many production sectors in different categories by creating reliable and strong ties between the countries of the world with the universal power of chemistry. BNBK JUPITER&#8217;s mission is to establish reliable and&#8230;<\/p>","protected":false},"author":1,"featured_media":0,"parent":0,"menu_order":0,"comment_status":"closed","ping_status":"closed","template":"","meta":{"_kad_post_transparent":"","_kad_post_title":"hide","_kad_post_layout":"fullwidth","_kad_post_sidebar_id":"","_kad_post_content_style":"unboxed","_kad_post_vertical_padding":"hide","_kad_post_feature":"hide","_kad_post_feature_position":"","_kad_post_header":false,"_kad_post_footer":false,"footnotes":""},"class_list":["post-80","page","type-page","status-publish","hentry"],"_links":{"self":[{"href":"https:\/\/bnbkjupiter.com\/tr\/wp-json\/wp\/v2\/pages\/80","targetHints":{"allow":["GET"]}}],"collection":[{"href":"https:\/\/bnbkjupiter.com\/tr\/wp-json\/wp\/v2\/pages"}],"about":[{"href":"https:\/\/bnbkjupiter.com\/tr\/wp-json\/wp\/v2\/types\/page"}],"author":[{"embeddable":true,"href":"https:\/\/bnbkjupiter.com\/tr\/wp-json\/wp\/v2\/users\/1"}],"replies":[{"embeddable":true,"href":"https:\/\/bnbkjupiter.com\/tr\/wp-json\/wp\/v2\/comments?post=80"}],"version-history":[{"count":0,"href":"https:\/\/bnbkjupiter.com\/tr\/wp-json\/wp\/v2\/pages\/80\/revisions"}],"wp:attachment":[{"href":"https:\/\/bnbkjupiter.com\/tr\/wp-json\/wp\/v2\/media?parent=80"}],"curies":[{"name":"wp","href":"https:\/\/api.w.org\/{rel}","templated":true}]}}