{"id":537,"date":"2024-04-28T12:34:49","date_gmt":"2024-04-28T12:34:49","guid":{"rendered":"https:\/\/bnbkjupiter.com\/?page_id=537"},"modified":"2024-04-30T11:52:03","modified_gmt":"2024-04-30T11:52:03","slug":"sale-contract","status":"publish","type":"page","link":"https:\/\/bnbkjupiter.com\/tr\/sale-contract\/","title":{"rendered":"Mesafeli Sat\u0131\u015f S\u00f6zle\u015fmesi"},"content":{"rendered":"<div data-elementor-type=\"wp-page\" data-elementor-id=\"537\" class=\"elementor elementor-537\">\n\t\t\t\t<div class=\"elementor-element elementor-element-33da6faa e-flex e-con-boxed e-con e-parent\" data-id=\"33da6faa\" data-element_type=\"container\" data-settings=\"{&quot;background_background&quot;:&quot;classic&quot;}\">\n\t\t\t\t\t<div class=\"e-con-inner\">\n\t\t\t\t<div class=\"elementor-element elementor-element-7dae3fa0 elementor-widget elementor-widget-heading\" data-id=\"7dae3fa0\" data-element_type=\"widget\" data-widget_type=\"heading.default\">\n\t\t\t\t<div class=\"elementor-widget-container\">\n\t\t\t\t\t<h1 class=\"elementor-heading-title elementor-size-default\">DISTANCE SALES CONTRACT<\/h1>\t\t\t\t<\/div>\n\t\t\t\t<\/div>\n\t\t\t\t\t<\/div>\n\t\t\t\t<\/div>\n\t\t<div class=\"elementor-element elementor-element-d681b6d e-flex e-con-boxed e-con e-parent\" data-id=\"d681b6d\" data-element_type=\"container\">\n\t\t\t\t\t<div class=\"e-con-inner\">\n\t\t\t\t<div class=\"elementor-element elementor-element-a91ae30 elementor-widget elementor-widget-text-editor\" data-id=\"a91ae30\" data-element_type=\"widget\" data-widget_type=\"text-editor.default\">\n\t\t\t\t<div class=\"elementor-widget-container\">\n\t\t\t\t\t\t\t\t\t<p>DISTANCE SALES CONTRACT<\/p><p>1. PARTIES<\/p><p>Seller: BNBK JUPITER LLC (Tax Number: XXXXXX), an LLC company established in the USA.<\/p><p>Recipient: [Recipient&#8217;s name, address and contact information]<\/p><p>2. TOPIC<\/p><p>The Seller agrees to sell the following products to the Buyer and the Buyer agrees to purchase these products for the specified fee.<\/p><p>3. PRODUCTS<\/p><p>The Seller offers the following products to the Buyer:<\/p><p>[Clear and clear description of products]<br \/>[Amount]<br \/>[Price]<br \/>4. PRICE AND PAYMENT<\/p><p>The buyer will pay the sales price in cash for the above-mentioned products. Payment will be made via the payment method specified by the Seller.<\/p><p>5. DELIVERY<\/p><p>The Seller will ship the order to the delivery address specified by the Buyer as soon as possible after the payment is completed. Delivery time and method will be determined by the Seller.<\/p><p>6. RETURN AND CANCELLATION<\/p><p>If the Buyer finds the products he received damaged or defective, he can return the products to the Seller or request an exchange within [a certain period of time] from the date of receipt. Return and exchange conditions are subject to the return policy determined by the Seller.<\/p><p>7. ENFORCEMENT AND CHANGE<\/p><p>This agreement enters into force upon mutual acceptance of the parties. The parties cannot make changes to the terms of this agreement without approving them in writing.<\/p><p>8. DISPUTE RESOLUTION<\/p><p>In any dispute that may arise from this contract, the parties first aim to reach an agreement through negotiation. If dispute negotiations remain inconclusive, it will be resolved in the competent court [of a particular court].<\/p><p>9. GENERAL PROVISIONS<\/p><p>This agreement constitutes the entire agreement between the parties and supersedes any other oral or written agreement between the parties. This agreement cannot be assigned to a third party or transferred to subcontractors without the written consent of the parties.<\/p><p>Signature<\/p><p>Sales person:<\/p><p>Signature: [To be signed by the seller]<\/p><p>Buyer:<\/p><p>Signature: [To be signed by the buyer<\/p>\t\t\t\t\t\t\t\t<\/div>\n\t\t\t\t<\/div>\n\t\t\t\t\t<\/div>\n\t\t\t\t<\/div>\n\t\t\t\t<\/div>","protected":false},"excerpt":{"rendered":"<p>DISTANCE SALES CONTRACT DISTANCE SALES CONTRACT 1. PARTIES Seller: BNBK JUPITER LLC (Tax Number: XXXXXX), an LLC company established in the USA. Recipient: [Recipient&#8217;s name, address and contact information] 2. TOPIC The Seller agrees to sell the following products to the Buyer and the Buyer agrees to purchase these products for the specified fee. 3&#8230;.<\/p>","protected":false},"author":1,"featured_media":0,"parent":0,"menu_order":0,"comment_status":"closed","ping_status":"closed","template":"","meta":{"_kad_post_transparent":"","_kad_post_title":"hide","_kad_post_layout":"fullwidth","_kad_post_sidebar_id":"","_kad_post_content_style":"unboxed","_kad_post_vertical_padding":"hide","_kad_post_feature":"hide","_kad_post_feature_position":"","_kad_post_header":false,"_kad_post_footer":false,"footnotes":""},"class_list":["post-537","page","type-page","status-publish","hentry"],"_links":{"self":[{"href":"https:\/\/bnbkjupiter.com\/tr\/wp-json\/wp\/v2\/pages\/537","targetHints":{"allow":["GET"]}}],"collection":[{"href":"https:\/\/bnbkjupiter.com\/tr\/wp-json\/wp\/v2\/pages"}],"about":[{"href":"https:\/\/bnbkjupiter.com\/tr\/wp-json\/wp\/v2\/types\/page"}],"author":[{"embeddable":true,"href":"https:\/\/bnbkjupiter.com\/tr\/wp-json\/wp\/v2\/users\/1"}],"replies":[{"embeddable":true,"href":"https:\/\/bnbkjupiter.com\/tr\/wp-json\/wp\/v2\/comments?post=537"}],"version-history":[{"count":0,"href":"https:\/\/bnbkjupiter.com\/tr\/wp-json\/wp\/v2\/pages\/537\/revisions"}],"wp:attachment":[{"href":"https:\/\/bnbkjupiter.com\/tr\/wp-json\/wp\/v2\/media?parent=537"}],"curies":[{"name":"wp","href":"https:\/\/api.w.org\/{rel}","templated":true}]}}