{"id":1364,"date":"2024-08-15T14:43:58","date_gmt":"2024-08-15T14:43:58","guid":{"rendered":"https:\/\/bnbkjupiter.com\/?page_id=1364"},"modified":"2024-08-15T17:50:59","modified_gmt":"2024-08-15T17:50:59","slug":"tailor-made-chemicals","status":"publish","type":"page","link":"https:\/\/bnbkjupiter.com\/tr\/products\/tailor-made-chemicals\/","title":{"rendered":"\u00d6zel \u00dcretim Kimyasal"},"content":{"rendered":"<div data-elementor-type=\"wp-page\" data-elementor-id=\"1364\" class=\"elementor elementor-1364\">\n\t\t\t\t<div class=\"elementor-element elementor-element-33da6faa e-flex e-con-boxed e-con e-parent\" data-id=\"33da6faa\" data-element_type=\"container\" data-settings=\"{&quot;background_background&quot;:&quot;classic&quot;}\">\n\t\t\t\t\t<div class=\"e-con-inner\">\n\t\t\t\t<div class=\"elementor-element elementor-element-7dae3fa0 elementor-widget elementor-widget-heading\" data-id=\"7dae3fa0\" data-element_type=\"widget\" data-widget_type=\"heading.default\">\n\t\t\t\t<div class=\"elementor-widget-container\">\n\t\t\t\t\t<h1 class=\"elementor-heading-title elementor-size-default\">\u00d6zel \u00dcretim Kimyasal<\/h1>\t\t\t\t<\/div>\n\t\t\t\t<\/div>\n\t\t\t\t\t<\/div>\n\t\t\t\t<\/div>\n\t\t<div class=\"elementor-element elementor-element-1f147d43 e-flex e-con-boxed e-con e-parent\" data-id=\"1f147d43\" data-element_type=\"container\">\n\t\t\t\t\t<div class=\"e-con-inner\">\n\t\t\t\t<div class=\"elementor-element elementor-element-9da22fc elementor-widget elementor-widget-toggle\" data-id=\"9da22fc\" data-element_type=\"widget\" data-widget_type=\"toggle.default\">\n\t\t\t\t<div class=\"elementor-widget-container\">\n\t\t\t\t\t\t\t<div class=\"elementor-toggle\">\n\t\t\t\t\t\t\t<div class=\"elementor-toggle-item\">\n\t\t\t\t\t<div id=\"elementor-tab-title-1651\" class=\"elementor-tab-title\" data-tab=\"1\" role=\"button\" aria-controls=\"elementor-tab-content-1651\" aria-expanded=\"false\">\n\t\t\t\t\t\t\t\t\t\t\t\t<span class=\"elementor-toggle-icon elementor-toggle-icon-left\" aria-hidden=\"true\">\n\t\t\t\t\t\t\t\t\t\t\t\t\t\t\t<span class=\"elementor-toggle-icon-closed\"><svg class=\"e-font-icon-svg e-far-caret-square-down\" viewbox=\"0 0 448 512\" xmlns=\"http:\/\/www.w3.org\/2000\/svg\"><path d=\"M125.1 208h197.8c10.7 0 16.1 13 8.5 20.5l-98.9 98.3c-4.7 4.7-12.2 4.7-16.9 0l-98.9-98.3c-7.7-7.5-2.3-20.5 8.4-20.5zM448 80v352c0 26.5-21.5 48-48 48H48c-26.5 0-48-21.5-48-48V80c0-26.5 21.5-48 48-48h352c26.5 0 48 21.5 48 48zm-48 346V86c0-3.3-2.7-6-6-6H54c-3.3 0-6 2.7-6 6v340c0 3.3 2.7 6 6 6h340c3.3 0 6-2.7 6-6z\"><\/path><\/svg><\/span>\n\t\t\t\t\t\t\t\t<span class=\"elementor-toggle-icon-opened\"><svg class=\"elementor-toggle-icon-opened e-font-icon-svg e-fas-caret-square-right\" viewbox=\"0 0 448 512\" xmlns=\"http:\/\/www.w3.org\/2000\/svg\"><path d=\"M48 32h352c26.51 0 48 21.49 48 48v352c0 26.51-21.49 48-48 48H48c-26.51 0-48-21.49-48-48V80c0-26.51 21.49-48 48-48zm140.485 355.515l123.029-123.029c4.686-4.686 4.686-12.284 0-16.971l-123.029-123.03c-7.56-7.56-20.485-2.206-20.485 8.485v246.059c0 10.691 12.926 16.045 20.485 8.486z\"><\/path><\/svg><\/span>\n\t\t\t\t\t\t\t\t\t\t\t\t\t<\/span>\n\t\t\t\t\t\t\t\t\t\t\t\t<a class=\"elementor-toggle-title\" tabindex=\"0\">\u00d6zel \u00dcretim Kimyasal \u00dcr\u00fcnler Grubu<\/a>\n\t\t\t\t\t<\/div>\n\n\t\t\t\t\t<div id=\"elementor-tab-content-1651\" class=\"elementor-tab-content elementor-clearfix\" data-tab=\"1\" role=\"region\" aria-labelledby=\"elementor-tab-title-1651\"><p>&#8211;<\/p><\/div>\n\t\t\t\t<\/div>\n\t\t\t\t\t\t\t\t<\/div>\n\t\t\t\t\t\t<\/div>\n\t\t\t\t<\/div>\n\t\t\t\t\t<\/div>\n\t\t\t\t<\/div>\n\t\t<div class=\"elementor-element elementor-element-d2cb46e e-flex e-con-boxed e-con e-parent\" data-id=\"d2cb46e\" data-element_type=\"container\">\n\t\t\t\t\t<div class=\"e-con-inner\">\n\t\t\t\t\t<\/div>\n\t\t\t\t<\/div>\n\t\t\t\t<\/div>","protected":false},"excerpt":{"rendered":"<p>Tailor Made Chemicals Tailor Made Products Group &#8211;<\/p>","protected":false},"author":1,"featured_media":0,"parent":85,"menu_order":0,"comment_status":"closed","ping_status":"closed","template":"","meta":{"_kad_post_transparent":"","_kad_post_title":"hide","_kad_post_layout":"fullwidth","_kad_post_sidebar_id":"","_kad_post_content_style":"unboxed","_kad_post_vertical_padding":"hide","_kad_post_feature":"hide","_kad_post_feature_position":"","_kad_post_header":false,"_kad_post_footer":false,"footnotes":""},"class_list":["post-1364","page","type-page","status-publish","hentry"],"_links":{"self":[{"href":"https:\/\/bnbkjupiter.com\/tr\/wp-json\/wp\/v2\/pages\/1364","targetHints":{"allow":["GET"]}}],"collection":[{"href":"https:\/\/bnbkjupiter.com\/tr\/wp-json\/wp\/v2\/pages"}],"about":[{"href":"https:\/\/bnbkjupiter.com\/tr\/wp-json\/wp\/v2\/types\/page"}],"author":[{"embeddable":true,"href":"https:\/\/bnbkjupiter.com\/tr\/wp-json\/wp\/v2\/users\/1"}],"replies":[{"embeddable":true,"href":"https:\/\/bnbkjupiter.com\/tr\/wp-json\/wp\/v2\/comments?post=1364"}],"version-history":[{"count":0,"href":"https:\/\/bnbkjupiter.com\/tr\/wp-json\/wp\/v2\/pages\/1364\/revisions"}],"up":[{"embeddable":true,"href":"https:\/\/bnbkjupiter.com\/tr\/wp-json\/wp\/v2\/pages\/85"}],"wp:attachment":[{"href":"https:\/\/bnbkjupiter.com\/tr\/wp-json\/wp\/v2\/media?parent=1364"}],"curies":[{"name":"wp","href":"https:\/\/api.w.org\/{rel}","templated":true}]}}