{"id":1349,"date":"2024-08-15T14:40:37","date_gmt":"2024-08-15T14:40:37","guid":{"rendered":"https:\/\/bnbkjupiter.com\/?page_id=1349"},"modified":"2024-08-15T17:48:59","modified_gmt":"2024-08-15T17:48:59","slug":"drilling-well","status":"publish","type":"page","link":"https:\/\/bnbkjupiter.com\/tr\/products\/drilling-well\/","title":{"rendered":"Sondaj &amp; Kuyu"},"content":{"rendered":"<div data-elementor-type=\"wp-page\" data-elementor-id=\"1349\" class=\"elementor elementor-1349\">\n\t\t\t\t<div class=\"elementor-element elementor-element-33da6faa e-flex e-con-boxed e-con e-parent\" data-id=\"33da6faa\" data-element_type=\"container\" data-settings=\"{&quot;background_background&quot;:&quot;classic&quot;}\">\n\t\t\t\t\t<div class=\"e-con-inner\">\n\t\t\t\t<div class=\"elementor-element elementor-element-7dae3fa0 elementor-widget elementor-widget-heading\" data-id=\"7dae3fa0\" data-element_type=\"widget\" data-widget_type=\"heading.default\">\n\t\t\t\t<div class=\"elementor-widget-container\">\n\t\t\t\t\t<h1 class=\"elementor-heading-title elementor-size-default\">Sondaj &amp; Kuyu<\/h1>\t\t\t\t<\/div>\n\t\t\t\t<\/div>\n\t\t\t\t\t<\/div>\n\t\t\t\t<\/div>\n\t\t<div class=\"elementor-element elementor-element-4e9ba580 e-flex e-con-boxed e-con e-parent\" data-id=\"4e9ba580\" data-element_type=\"container\">\n\t\t\t\t\t<div class=\"e-con-inner\">\n\t\t\t\t<div class=\"elementor-element elementor-element-4790ff88 elementor-widget elementor-widget-toggle\" data-id=\"4790ff88\" data-element_type=\"widget\" data-widget_type=\"toggle.default\">\n\t\t\t\t<div class=\"elementor-widget-container\">\n\t\t\t\t\t\t\t<div class=\"elementor-toggle\">\n\t\t\t\t\t\t\t<div class=\"elementor-toggle-item\">\n\t\t\t\t\t<div id=\"elementor-tab-title-1201\" class=\"elementor-tab-title\" data-tab=\"1\" role=\"button\" aria-controls=\"elementor-tab-content-1201\" aria-expanded=\"false\">\n\t\t\t\t\t\t\t\t\t\t\t\t<span class=\"elementor-toggle-icon elementor-toggle-icon-left\" aria-hidden=\"true\">\n\t\t\t\t\t\t\t\t\t\t\t\t\t\t\t<span class=\"elementor-toggle-icon-closed\"><svg class=\"e-font-icon-svg e-far-caret-square-down\" viewbox=\"0 0 448 512\" xmlns=\"http:\/\/www.w3.org\/2000\/svg\"><path d=\"M125.1 208h197.8c10.7 0 16.1 13 8.5 20.5l-98.9 98.3c-4.7 4.7-12.2 4.7-16.9 0l-98.9-98.3c-7.7-7.5-2.3-20.5 8.4-20.5zM448 80v352c0 26.5-21.5 48-48 48H48c-26.5 0-48-21.5-48-48V80c0-26.5 21.5-48 48-48h352c26.5 0 48 21.5 48 48zm-48 346V86c0-3.3-2.7-6-6-6H54c-3.3 0-6 2.7-6 6v340c0 3.3 2.7 6 6 6h340c3.3 0 6-2.7 6-6z\"><\/path><\/svg><\/span>\n\t\t\t\t\t\t\t\t<span class=\"elementor-toggle-icon-opened\"><svg class=\"elementor-toggle-icon-opened e-font-icon-svg e-fas-caret-square-right\" viewbox=\"0 0 448 512\" xmlns=\"http:\/\/www.w3.org\/2000\/svg\"><path d=\"M48 32h352c26.51 0 48 21.49 48 48v352c0 26.51-21.49 48-48 48H48c-26.51 0-48-21.49-48-48V80c0-26.51 21.49-48 48-48zm140.485 355.515l123.029-123.029c4.686-4.686 4.686-12.284 0-16.971l-123.029-123.03c-7.56-7.56-20.485-2.206-20.485 8.485v246.059c0 10.691 12.926 16.045 20.485 8.486z\"><\/path><\/svg><\/span>\n\t\t\t\t\t\t\t\t\t\t\t\t\t<\/span>\n\t\t\t\t\t\t\t\t\t\t\t\t<a class=\"elementor-toggle-title\" tabindex=\"0\">Sondaj &amp; Kuyu Geli\u015ftirme \u00dcr\u00fcn Grubu<\/a>\n\t\t\t\t\t<\/div>\n\n\t\t\t\t\t<div id=\"elementor-tab-content-1201\" class=\"elementor-tab-content elementor-clearfix\" data-tab=\"1\" role=\"region\" aria-labelledby=\"elementor-tab-title-1201\"><ul><li>Jeotermal kuyular\u0131n\u0131n a\u00e7\u0131lmas\u0131 s\u0131ras\u0131nda sondaj \u00e7amuruna ilave edilmekte olan viskozite artt\u0131r\u0131c\u0131, biyosit, ya\u011flay\u0131c\u0131 ve korozyon \u00f6nleyici gibi kimyasal \u00fcr\u00fcnlerdir.<\/li><li>\u00c7imentolama i\u015flemi s\u0131ras\u0131nda kullan\u0131lan donma geciktirici ya da donma h\u0131zland\u0131r\u0131c\u0131, viskozite ayarlay\u0131c\u0131, cementspacer, gibi kimyasal katk\u0131lar\u0131 i\u00e7ermektedir.<\/li><li>\u00dcretim ve re-enjeksiyon kuyular\u0131nda yap\u0131lan asitleme i\u015flemleri s\u0131ras\u0131nda, metal ala\u015f\u0131mlar\u0131n t\u00fcr\u00fcne, asitlerin ve di\u011fer kimyasallar\u0131n i\u00e7eri\u011fine g\u00f6re tasarlanan asit inhibit\u00f6rleri, intensifier, s\u00fcrt\u00fcnme azalt\u0131c\u0131 gibi \u00fcr\u00fcnleri i\u00e7ermektedir.<\/li><\/ul><\/div>\n\t\t\t\t<\/div>\n\t\t\t\t\t\t\t\t<\/div>\n\t\t\t\t\t\t<\/div>\n\t\t\t\t<\/div>\n\t\t\t\t\t<\/div>\n\t\t\t\t<\/div>\n\t\t<div class=\"elementor-element elementor-element-1941555 e-flex e-con-boxed e-con e-parent\" data-id=\"1941555\" data-element_type=\"container\">\n\t\t\t\t\t<div class=\"e-con-inner\">\n\t\t\t\t\t<\/div>\n\t\t\t\t<\/div>\n\t\t\t\t<\/div>","protected":false},"excerpt":{"rendered":"<p>Drilling &#038; Well Drilling &#038; Well Enhancing Product Group Include viscosifiers, biocides, oils and corrosion inhibiting products which are added to mud during drilling of geothermal wells. Cement retarders, cement accelerators, viscosifiers, cement spacers etc. which are used during cementing operation are included in this series. Acid inhibitors, acid inhibitor intensifiers, friction reducers and similar&#8230;<\/p>","protected":false},"author":1,"featured_media":0,"parent":85,"menu_order":0,"comment_status":"closed","ping_status":"closed","template":"","meta":{"_kad_post_transparent":"","_kad_post_title":"hide","_kad_post_layout":"fullwidth","_kad_post_sidebar_id":"","_kad_post_content_style":"unboxed","_kad_post_vertical_padding":"hide","_kad_post_feature":"hide","_kad_post_feature_position":"","_kad_post_header":false,"_kad_post_footer":false,"footnotes":""},"class_list":["post-1349","page","type-page","status-publish","hentry"],"_links":{"self":[{"href":"https:\/\/bnbkjupiter.com\/tr\/wp-json\/wp\/v2\/pages\/1349","targetHints":{"allow":["GET"]}}],"collection":[{"href":"https:\/\/bnbkjupiter.com\/tr\/wp-json\/wp\/v2\/pages"}],"about":[{"href":"https:\/\/bnbkjupiter.com\/tr\/wp-json\/wp\/v2\/types\/page"}],"author":[{"embeddable":true,"href":"https:\/\/bnbkjupiter.com\/tr\/wp-json\/wp\/v2\/users\/1"}],"replies":[{"embeddable":true,"href":"https:\/\/bnbkjupiter.com\/tr\/wp-json\/wp\/v2\/comments?post=1349"}],"version-history":[{"count":0,"href":"https:\/\/bnbkjupiter.com\/tr\/wp-json\/wp\/v2\/pages\/1349\/revisions"}],"up":[{"embeddable":true,"href":"https:\/\/bnbkjupiter.com\/tr\/wp-json\/wp\/v2\/pages\/85"}],"wp:attachment":[{"href":"https:\/\/bnbkjupiter.com\/tr\/wp-json\/wp\/v2\/media?parent=1349"}],"curies":[{"name":"wp","href":"https:\/\/api.w.org\/{rel}","templated":true}]}}