{"id":1323,"date":"2024-08-15T13:38:12","date_gmt":"2024-08-15T13:38:12","guid":{"rendered":"https:\/\/bnbkjupiter.com\/?page_id=1323"},"modified":"2024-08-15T15:39:32","modified_gmt":"2024-08-15T15:39:32","slug":"water-treatment","status":"publish","type":"page","link":"https:\/\/bnbkjupiter.com\/tr\/products\/water-treatment\/","title":{"rendered":"Su \u015eartland\u0131rma"},"content":{"rendered":"<div data-elementor-type=\"wp-page\" data-elementor-id=\"1323\" class=\"elementor elementor-1323\">\n\t\t\t\t<div class=\"elementor-element elementor-element-33da6faa e-flex e-con-boxed e-con e-parent\" data-id=\"33da6faa\" data-element_type=\"container\" data-settings=\"{&quot;background_background&quot;:&quot;classic&quot;}\">\n\t\t\t\t\t<div class=\"e-con-inner\">\n\t\t\t\t<div class=\"elementor-element elementor-element-7dae3fa0 elementor-widget elementor-widget-heading\" data-id=\"7dae3fa0\" data-element_type=\"widget\" data-widget_type=\"heading.default\">\n\t\t\t\t<div class=\"elementor-widget-container\">\n\t\t\t\t\t<h1 class=\"elementor-heading-title elementor-size-default\">Su \u015eartland\u0131rma<\/h1>\t\t\t\t<\/div>\n\t\t\t\t<\/div>\n\t\t\t\t\t<\/div>\n\t\t\t\t<\/div>\n\t\t<div class=\"elementor-element elementor-element-76c6ca8 e-flex e-con-boxed e-con e-parent\" data-id=\"76c6ca8\" data-element_type=\"container\">\n\t\t\t\t\t<div class=\"e-con-inner\">\n\t\t\t\t<div class=\"elementor-element elementor-element-be695e4 elementor-widget elementor-widget-heading\" data-id=\"be695e4\" data-element_type=\"widget\" data-widget_type=\"heading.default\">\n\t\t\t\t<div class=\"elementor-widget-container\">\n\t\t\t\t\t<h2 class=\"elementor-heading-title elementor-size-default\">Su \u015eartland\u0131rma \u00dcr\u00fcn Grubu<\/h2>\t\t\t\t<\/div>\n\t\t\t\t<\/div>\n\t\t\t\t\t<\/div>\n\t\t\t\t<\/div>\n\t\t<div class=\"elementor-element elementor-element-658dbfc e-flex e-con-boxed e-con e-parent\" data-id=\"658dbfc\" data-element_type=\"container\">\n\t\t\t\t\t<div class=\"e-con-inner\">\n\t\t\t\t<div class=\"elementor-element elementor-element-2905fac elementor-widget elementor-widget-toggle\" data-id=\"2905fac\" data-element_type=\"widget\" data-widget_type=\"toggle.default\">\n\t\t\t\t<div class=\"elementor-widget-container\">\n\t\t\t\t\t\t\t<div class=\"elementor-toggle\">\n\t\t\t\t\t\t\t<div class=\"elementor-toggle-item\">\n\t\t\t\t\t<div id=\"elementor-tab-title-4301\" class=\"elementor-tab-title\" data-tab=\"1\" role=\"button\" aria-controls=\"elementor-tab-content-4301\" aria-expanded=\"false\">\n\t\t\t\t\t\t\t\t\t\t\t\t<span class=\"elementor-toggle-icon elementor-toggle-icon-left\" aria-hidden=\"true\">\n\t\t\t\t\t\t\t\t\t\t\t\t\t\t\t<span class=\"elementor-toggle-icon-closed\"><svg class=\"e-font-icon-svg e-far-caret-square-down\" viewbox=\"0 0 448 512\" xmlns=\"http:\/\/www.w3.org\/2000\/svg\"><path d=\"M125.1 208h197.8c10.7 0 16.1 13 8.5 20.5l-98.9 98.3c-4.7 4.7-12.2 4.7-16.9 0l-98.9-98.3c-7.7-7.5-2.3-20.5 8.4-20.5zM448 80v352c0 26.5-21.5 48-48 48H48c-26.5 0-48-21.5-48-48V80c0-26.5 21.5-48 48-48h352c26.5 0 48 21.5 48 48zm-48 346V86c0-3.3-2.7-6-6-6H54c-3.3 0-6 2.7-6 6v340c0 3.3 2.7 6 6 6h340c3.3 0 6-2.7 6-6z\"><\/path><\/svg><\/span>\n\t\t\t\t\t\t\t\t<span class=\"elementor-toggle-icon-opened\"><svg class=\"elementor-toggle-icon-opened e-font-icon-svg e-fas-caret-square-right\" viewbox=\"0 0 448 512\" xmlns=\"http:\/\/www.w3.org\/2000\/svg\"><path d=\"M48 32h352c26.51 0 48 21.49 48 48v352c0 26.51-21.49 48-48 48H48c-26.51 0-48-21.49-48-48V80c0-26.51 21.49-48 48-48zm140.485 355.515l123.029-123.029c4.686-4.686 4.686-12.284 0-16.971l-123.029-123.03c-7.56-7.56-20.485-2.206-20.485 8.485v246.059c0 10.691 12.926 16.045 20.485 8.486z\"><\/path><\/svg><\/span>\n\t\t\t\t\t\t\t\t\t\t\t\t\t<\/span>\n\t\t\t\t\t\t\t\t\t\t\t\t<a class=\"elementor-toggle-title\" tabindex=\"0\">A\u00e7\u0131k Devre So\u011futma Sistemi Kimyasallar\u0131<\/a>\n\t\t\t\t\t<\/div>\n\n\t\t\t\t\t<div id=\"elementor-tab-content-4301\" class=\"elementor-tab-content elementor-clearfix\" data-tab=\"1\" role=\"region\" aria-labelledby=\"elementor-tab-title-4301\"><ul>\n<li>Kire\u00e7 ve Tortu \u00d6nleyiciler<\/li>\n<li>Korozyon \u00d6nleyiciler<\/li>\n<\/ul><\/div>\n\t\t\t\t<\/div>\n\t\t\t\t\t\t\t<div class=\"elementor-toggle-item\">\n\t\t\t\t\t<div id=\"elementor-tab-title-4302\" class=\"elementor-tab-title\" data-tab=\"2\" role=\"button\" aria-controls=\"elementor-tab-content-4302\" aria-expanded=\"false\">\n\t\t\t\t\t\t\t\t\t\t\t\t<span class=\"elementor-toggle-icon elementor-toggle-icon-left\" aria-hidden=\"true\">\n\t\t\t\t\t\t\t\t\t\t\t\t\t\t\t<span class=\"elementor-toggle-icon-closed\"><svg class=\"e-font-icon-svg e-far-caret-square-down\" viewbox=\"0 0 448 512\" xmlns=\"http:\/\/www.w3.org\/2000\/svg\"><path d=\"M125.1 208h197.8c10.7 0 16.1 13 8.5 20.5l-98.9 98.3c-4.7 4.7-12.2 4.7-16.9 0l-98.9-98.3c-7.7-7.5-2.3-20.5 8.4-20.5zM448 80v352c0 26.5-21.5 48-48 48H48c-26.5 0-48-21.5-48-48V80c0-26.5 21.5-48 48-48h352c26.5 0 48 21.5 48 48zm-48 346V86c0-3.3-2.7-6-6-6H54c-3.3 0-6 2.7-6 6v340c0 3.3 2.7 6 6 6h340c3.3 0 6-2.7 6-6z\"><\/path><\/svg><\/span>\n\t\t\t\t\t\t\t\t<span class=\"elementor-toggle-icon-opened\"><svg class=\"elementor-toggle-icon-opened e-font-icon-svg e-fas-caret-square-right\" viewbox=\"0 0 448 512\" xmlns=\"http:\/\/www.w3.org\/2000\/svg\"><path d=\"M48 32h352c26.51 0 48 21.49 48 48v352c0 26.51-21.49 48-48 48H48c-26.51 0-48-21.49-48-48V80c0-26.51 21.49-48 48-48zm140.485 355.515l123.029-123.029c4.686-4.686 4.686-12.284 0-16.971l-123.029-123.03c-7.56-7.56-20.485-2.206-20.485 8.485v246.059c0 10.691 12.926 16.045 20.485 8.486z\"><\/path><\/svg><\/span>\n\t\t\t\t\t\t\t\t\t\t\t\t\t<\/span>\n\t\t\t\t\t\t\t\t\t\t\t\t<a class=\"elementor-toggle-title\" tabindex=\"0\">Kapal\u0131 Devre Sistemi Kimyasallar\u0131<\/a>\n\t\t\t\t\t<\/div>\n\n\t\t\t\t\t<div id=\"elementor-tab-content-4302\" class=\"elementor-tab-content elementor-clearfix\" data-tab=\"2\" role=\"region\" aria-labelledby=\"elementor-tab-title-4302\"><p>&#8211;<\/p><\/div>\n\t\t\t\t<\/div>\n\t\t\t\t\t\t\t<div class=\"elementor-toggle-item\">\n\t\t\t\t\t<div id=\"elementor-tab-title-4303\" class=\"elementor-tab-title\" data-tab=\"3\" role=\"button\" aria-controls=\"elementor-tab-content-4303\" aria-expanded=\"false\">\n\t\t\t\t\t\t\t\t\t\t\t\t<span class=\"elementor-toggle-icon elementor-toggle-icon-left\" aria-hidden=\"true\">\n\t\t\t\t\t\t\t\t\t\t\t\t\t\t\t<span class=\"elementor-toggle-icon-closed\"><svg class=\"e-font-icon-svg e-far-caret-square-down\" viewbox=\"0 0 448 512\" xmlns=\"http:\/\/www.w3.org\/2000\/svg\"><path d=\"M125.1 208h197.8c10.7 0 16.1 13 8.5 20.5l-98.9 98.3c-4.7 4.7-12.2 4.7-16.9 0l-98.9-98.3c-7.7-7.5-2.3-20.5 8.4-20.5zM448 80v352c0 26.5-21.5 48-48 48H48c-26.5 0-48-21.5-48-48V80c0-26.5 21.5-48 48-48h352c26.5 0 48 21.5 48 48zm-48 346V86c0-3.3-2.7-6-6-6H54c-3.3 0-6 2.7-6 6v340c0 3.3 2.7 6 6 6h340c3.3 0 6-2.7 6-6z\"><\/path><\/svg><\/span>\n\t\t\t\t\t\t\t\t<span class=\"elementor-toggle-icon-opened\"><svg class=\"elementor-toggle-icon-opened e-font-icon-svg e-fas-caret-square-right\" viewbox=\"0 0 448 512\" xmlns=\"http:\/\/www.w3.org\/2000\/svg\"><path d=\"M48 32h352c26.51 0 48 21.49 48 48v352c0 26.51-21.49 48-48 48H48c-26.51 0-48-21.49-48-48V80c0-26.51 21.49-48 48-48zm140.485 355.515l123.029-123.029c4.686-4.686 4.686-12.284 0-16.971l-123.029-123.03c-7.56-7.56-20.485-2.206-20.485 8.485v246.059c0 10.691 12.926 16.045 20.485 8.486z\"><\/path><\/svg><\/span>\n\t\t\t\t\t\t\t\t\t\t\t\t\t<\/span>\n\t\t\t\t\t\t\t\t\t\t\t\t<a class=\"elementor-toggle-title\" tabindex=\"0\">\u0130\u00e7ilebilir Su \u00dcr\u00fcnleri<\/a>\n\t\t\t\t\t<\/div>\n\n\t\t\t\t\t<div id=\"elementor-tab-content-4303\" class=\"elementor-tab-content elementor-clearfix\" data-tab=\"3\" role=\"region\" aria-labelledby=\"elementor-tab-title-4303\"><ul>\n<li>Kire\u00e7 ve Tortu \u00d6nleyiciler<\/li>\n<li>Temizlik \u00dcr\u00fcnleri<\/li>\n<\/ul><\/div>\n\t\t\t\t<\/div>\n\t\t\t\t\t\t\t<div class=\"elementor-toggle-item\">\n\t\t\t\t\t<div id=\"elementor-tab-title-4304\" class=\"elementor-tab-title\" data-tab=\"4\" role=\"button\" aria-controls=\"elementor-tab-content-4304\" aria-expanded=\"false\">\n\t\t\t\t\t\t\t\t\t\t\t\t<span class=\"elementor-toggle-icon elementor-toggle-icon-left\" aria-hidden=\"true\">\n\t\t\t\t\t\t\t\t\t\t\t\t\t\t\t<span class=\"elementor-toggle-icon-closed\"><svg class=\"e-font-icon-svg e-far-caret-square-down\" viewbox=\"0 0 448 512\" xmlns=\"http:\/\/www.w3.org\/2000\/svg\"><path d=\"M125.1 208h197.8c10.7 0 16.1 13 8.5 20.5l-98.9 98.3c-4.7 4.7-12.2 4.7-16.9 0l-98.9-98.3c-7.7-7.5-2.3-20.5 8.4-20.5zM448 80v352c0 26.5-21.5 48-48 48H48c-26.5 0-48-21.5-48-48V80c0-26.5 21.5-48 48-48h352c26.5 0 48 21.5 48 48zm-48 346V86c0-3.3-2.7-6-6-6H54c-3.3 0-6 2.7-6 6v340c0 3.3 2.7 6 6 6h340c3.3 0 6-2.7 6-6z\"><\/path><\/svg><\/span>\n\t\t\t\t\t\t\t\t<span class=\"elementor-toggle-icon-opened\"><svg class=\"elementor-toggle-icon-opened e-font-icon-svg e-fas-caret-square-right\" viewbox=\"0 0 448 512\" xmlns=\"http:\/\/www.w3.org\/2000\/svg\"><path d=\"M48 32h352c26.51 0 48 21.49 48 48v352c0 26.51-21.49 48-48 48H48c-26.51 0-48-21.49-48-48V80c0-26.51 21.49-48 48-48zm140.485 355.515l123.029-123.029c4.686-4.686 4.686-12.284 0-16.971l-123.029-123.03c-7.56-7.56-20.485-2.206-20.485 8.485v246.059c0 10.691 12.926 16.045 20.485 8.486z\"><\/path><\/svg><\/span>\n\t\t\t\t\t\t\t\t\t\t\t\t\t<\/span>\n\t\t\t\t\t\t\t\t\t\t\t\t<a class=\"elementor-toggle-title\" tabindex=\"0\">Kazan Sistemleri \/ Kazan Suyu Kimyasallar\u0131<\/a>\n\t\t\t\t\t<\/div>\n\n\t\t\t\t\t<div id=\"elementor-tab-content-4304\" class=\"elementor-tab-content elementor-clearfix\" data-tab=\"4\" role=\"region\" aria-labelledby=\"elementor-tab-title-4304\"><ul>\n<li>Organik ve \u0130norganik Korozyon ve Kire\u00e7 \u00d6nleyiciler<\/li>\n<li>Oksijen Temizleyiciler<\/li>\n<li>N\u00f6tralize Edici Aminler<\/li>\n<li>Amin \u00dcr\u00fcnlerinin Filmlenmesi<\/li>\n<\/ul><\/div>\n\t\t\t\t<\/div>\n\t\t\t\t\t\t\t<div class=\"elementor-toggle-item\">\n\t\t\t\t\t<div id=\"elementor-tab-title-4305\" class=\"elementor-tab-title\" data-tab=\"5\" role=\"button\" aria-controls=\"elementor-tab-content-4305\" aria-expanded=\"false\">\n\t\t\t\t\t\t\t\t\t\t\t\t<span class=\"elementor-toggle-icon elementor-toggle-icon-left\" aria-hidden=\"true\">\n\t\t\t\t\t\t\t\t\t\t\t\t\t\t\t<span class=\"elementor-toggle-icon-closed\"><svg class=\"e-font-icon-svg e-far-caret-square-down\" viewbox=\"0 0 448 512\" xmlns=\"http:\/\/www.w3.org\/2000\/svg\"><path d=\"M125.1 208h197.8c10.7 0 16.1 13 8.5 20.5l-98.9 98.3c-4.7 4.7-12.2 4.7-16.9 0l-98.9-98.3c-7.7-7.5-2.3-20.5 8.4-20.5zM448 80v352c0 26.5-21.5 48-48 48H48c-26.5 0-48-21.5-48-48V80c0-26.5 21.5-48 48-48h352c26.5 0 48 21.5 48 48zm-48 346V86c0-3.3-2.7-6-6-6H54c-3.3 0-6 2.7-6 6v340c0 3.3 2.7 6 6 6h340c3.3 0 6-2.7 6-6z\"><\/path><\/svg><\/span>\n\t\t\t\t\t\t\t\t<span class=\"elementor-toggle-icon-opened\"><svg class=\"elementor-toggle-icon-opened e-font-icon-svg e-fas-caret-square-right\" viewbox=\"0 0 448 512\" xmlns=\"http:\/\/www.w3.org\/2000\/svg\"><path d=\"M48 32h352c26.51 0 48 21.49 48 48v352c0 26.51-21.49 48-48 48H48c-26.51 0-48-21.49-48-48V80c0-26.51 21.49-48 48-48zm140.485 355.515l123.029-123.029c4.686-4.686 4.686-12.284 0-16.971l-123.029-123.03c-7.56-7.56-20.485-2.206-20.485 8.485v246.059c0 10.691 12.926 16.045 20.485 8.486z\"><\/path><\/svg><\/span>\n\t\t\t\t\t\t\t\t\t\t\t\t\t<\/span>\n\t\t\t\t\t\t\t\t\t\t\t\t<a class=\"elementor-toggle-title\" tabindex=\"0\">Y\u00fczme Havuzu \u00dcr\u00fcnleri<\/a>\n\t\t\t\t\t<\/div>\n\n\t\t\t\t\t<div id=\"elementor-tab-content-4305\" class=\"elementor-tab-content elementor-clearfix\" data-tab=\"5\" role=\"region\" aria-labelledby=\"elementor-tab-title-4305\"><p>&#8211;<\/p><\/div>\n\t\t\t\t<\/div>\n\t\t\t\t\t\t\t<div class=\"elementor-toggle-item\">\n\t\t\t\t\t<div id=\"elementor-tab-title-4306\" class=\"elementor-tab-title\" data-tab=\"6\" role=\"button\" aria-controls=\"elementor-tab-content-4306\" aria-expanded=\"false\">\n\t\t\t\t\t\t\t\t\t\t\t\t<span class=\"elementor-toggle-icon elementor-toggle-icon-left\" aria-hidden=\"true\">\n\t\t\t\t\t\t\t\t\t\t\t\t\t\t\t<span class=\"elementor-toggle-icon-closed\"><svg class=\"e-font-icon-svg e-far-caret-square-down\" viewbox=\"0 0 448 512\" xmlns=\"http:\/\/www.w3.org\/2000\/svg\"><path d=\"M125.1 208h197.8c10.7 0 16.1 13 8.5 20.5l-98.9 98.3c-4.7 4.7-12.2 4.7-16.9 0l-98.9-98.3c-7.7-7.5-2.3-20.5 8.4-20.5zM448 80v352c0 26.5-21.5 48-48 48H48c-26.5 0-48-21.5-48-48V80c0-26.5 21.5-48 48-48h352c26.5 0 48 21.5 48 48zm-48 346V86c0-3.3-2.7-6-6-6H54c-3.3 0-6 2.7-6 6v340c0 3.3 2.7 6 6 6h340c3.3 0 6-2.7 6-6z\"><\/path><\/svg><\/span>\n\t\t\t\t\t\t\t\t<span class=\"elementor-toggle-icon-opened\"><svg class=\"elementor-toggle-icon-opened e-font-icon-svg e-fas-caret-square-right\" viewbox=\"0 0 448 512\" xmlns=\"http:\/\/www.w3.org\/2000\/svg\"><path d=\"M48 32h352c26.51 0 48 21.49 48 48v352c0 26.51-21.49 48-48 48H48c-26.51 0-48-21.49-48-48V80c0-26.51 21.49-48 48-48zm140.485 355.515l123.029-123.029c4.686-4.686 4.686-12.284 0-16.971l-123.029-123.03c-7.56-7.56-20.485-2.206-20.485 8.485v246.059c0 10.691 12.926 16.045 20.485 8.486z\"><\/path><\/svg><\/span>\n\t\t\t\t\t\t\t\t\t\t\t\t\t<\/span>\n\t\t\t\t\t\t\t\t\t\t\t\t<a class=\"elementor-toggle-title\" tabindex=\"0\">Sistem Temizlik Kimyasallar\u0131<\/a>\n\t\t\t\t\t<\/div>\n\n\t\t\t\t\t<div id=\"elementor-tab-content-4306\" class=\"elementor-tab-content elementor-clearfix\" data-tab=\"6\" role=\"region\" aria-labelledby=\"elementor-tab-title-4306\"><p>&#8211;<\/p><\/div>\n\t\t\t\t<\/div>\n\t\t\t\t\t\t\t<div class=\"elementor-toggle-item\">\n\t\t\t\t\t<div id=\"elementor-tab-title-4307\" class=\"elementor-tab-title\" data-tab=\"7\" role=\"button\" aria-controls=\"elementor-tab-content-4307\" aria-expanded=\"false\">\n\t\t\t\t\t\t\t\t\t\t\t\t<span class=\"elementor-toggle-icon elementor-toggle-icon-left\" aria-hidden=\"true\">\n\t\t\t\t\t\t\t\t\t\t\t\t\t\t\t<span class=\"elementor-toggle-icon-closed\"><svg class=\"e-font-icon-svg e-far-caret-square-down\" viewbox=\"0 0 448 512\" xmlns=\"http:\/\/www.w3.org\/2000\/svg\"><path d=\"M125.1 208h197.8c10.7 0 16.1 13 8.5 20.5l-98.9 98.3c-4.7 4.7-12.2 4.7-16.9 0l-98.9-98.3c-7.7-7.5-2.3-20.5 8.4-20.5zM448 80v352c0 26.5-21.5 48-48 48H48c-26.5 0-48-21.5-48-48V80c0-26.5 21.5-48 48-48h352c26.5 0 48 21.5 48 48zm-48 346V86c0-3.3-2.7-6-6-6H54c-3.3 0-6 2.7-6 6v340c0 3.3 2.7 6 6 6h340c3.3 0 6-2.7 6-6z\"><\/path><\/svg><\/span>\n\t\t\t\t\t\t\t\t<span class=\"elementor-toggle-icon-opened\"><svg class=\"elementor-toggle-icon-opened e-font-icon-svg e-fas-caret-square-right\" viewbox=\"0 0 448 512\" xmlns=\"http:\/\/www.w3.org\/2000\/svg\"><path d=\"M48 32h352c26.51 0 48 21.49 48 48v352c0 26.51-21.49 48-48 48H48c-26.51 0-48-21.49-48-48V80c0-26.51 21.49-48 48-48zm140.485 355.515l123.029-123.029c4.686-4.686 4.686-12.284 0-16.971l-123.029-123.03c-7.56-7.56-20.485-2.206-20.485 8.485v246.059c0 10.691 12.926 16.045 20.485 8.486z\"><\/path><\/svg><\/span>\n\t\t\t\t\t\t\t\t\t\t\t\t\t<\/span>\n\t\t\t\t\t\t\t\t\t\t\t\t<a class=\"elementor-toggle-title\" tabindex=\"0\">K\u00f6p\u00fck \u00d6nleyici &amp; K\u00f6p\u00fck Giderici \u00dcr\u00fcnler<\/a>\n\t\t\t\t\t<\/div>\n\n\t\t\t\t\t<div id=\"elementor-tab-content-4307\" class=\"elementor-tab-content elementor-clearfix\" data-tab=\"7\" role=\"region\" aria-labelledby=\"elementor-tab-title-4307\"><p>&#8211;<\/p><\/div>\n\t\t\t\t<\/div>\n\t\t\t\t\t\t\t<div class=\"elementor-toggle-item\">\n\t\t\t\t\t<div id=\"elementor-tab-title-4308\" class=\"elementor-tab-title\" data-tab=\"8\" role=\"button\" aria-controls=\"elementor-tab-content-4308\" aria-expanded=\"false\">\n\t\t\t\t\t\t\t\t\t\t\t\t<span class=\"elementor-toggle-icon elementor-toggle-icon-left\" aria-hidden=\"true\">\n\t\t\t\t\t\t\t\t\t\t\t\t\t\t\t<span class=\"elementor-toggle-icon-closed\"><svg class=\"e-font-icon-svg e-far-caret-square-down\" viewbox=\"0 0 448 512\" xmlns=\"http:\/\/www.w3.org\/2000\/svg\"><path d=\"M125.1 208h197.8c10.7 0 16.1 13 8.5 20.5l-98.9 98.3c-4.7 4.7-12.2 4.7-16.9 0l-98.9-98.3c-7.7-7.5-2.3-20.5 8.4-20.5zM448 80v352c0 26.5-21.5 48-48 48H48c-26.5 0-48-21.5-48-48V80c0-26.5 21.5-48 48-48h352c26.5 0 48 21.5 48 48zm-48 346V86c0-3.3-2.7-6-6-6H54c-3.3 0-6 2.7-6 6v340c0 3.3 2.7 6 6 6h340c3.3 0 6-2.7 6-6z\"><\/path><\/svg><\/span>\n\t\t\t\t\t\t\t\t<span class=\"elementor-toggle-icon-opened\"><svg class=\"elementor-toggle-icon-opened e-font-icon-svg e-fas-caret-square-right\" viewbox=\"0 0 448 512\" xmlns=\"http:\/\/www.w3.org\/2000\/svg\"><path d=\"M48 32h352c26.51 0 48 21.49 48 48v352c0 26.51-21.49 48-48 48H48c-26.51 0-48-21.49-48-48V80c0-26.51 21.49-48 48-48zm140.485 355.515l123.029-123.029c4.686-4.686 4.686-12.284 0-16.971l-123.029-123.03c-7.56-7.56-20.485-2.206-20.485 8.485v246.059c0 10.691 12.926 16.045 20.485 8.486z\"><\/path><\/svg><\/span>\n\t\t\t\t\t\t\t\t\t\t\t\t\t<\/span>\n\t\t\t\t\t\t\t\t\t\t\t\t<a class=\"elementor-toggle-title\" tabindex=\"0\">Past\u00f6rizasyon ve Otoklav Sistemi \u015eartland\u0131rma \u00dcr\u00fcnleri<\/a>\n\t\t\t\t\t<\/div>\n\n\t\t\t\t\t<div id=\"elementor-tab-content-4308\" class=\"elementor-tab-content elementor-clearfix\" data-tab=\"8\" role=\"region\" aria-labelledby=\"elementor-tab-title-4308\"><p>&#8211;<\/p><\/div>\n\t\t\t\t<\/div>\n\t\t\t\t\t\t\t<div class=\"elementor-toggle-item\">\n\t\t\t\t\t<div id=\"elementor-tab-title-4309\" class=\"elementor-tab-title\" data-tab=\"9\" role=\"button\" aria-controls=\"elementor-tab-content-4309\" aria-expanded=\"false\">\n\t\t\t\t\t\t\t\t\t\t\t\t<span class=\"elementor-toggle-icon elementor-toggle-icon-left\" aria-hidden=\"true\">\n\t\t\t\t\t\t\t\t\t\t\t\t\t\t\t<span class=\"elementor-toggle-icon-closed\"><svg class=\"e-font-icon-svg e-far-caret-square-down\" viewbox=\"0 0 448 512\" xmlns=\"http:\/\/www.w3.org\/2000\/svg\"><path d=\"M125.1 208h197.8c10.7 0 16.1 13 8.5 20.5l-98.9 98.3c-4.7 4.7-12.2 4.7-16.9 0l-98.9-98.3c-7.7-7.5-2.3-20.5 8.4-20.5zM448 80v352c0 26.5-21.5 48-48 48H48c-26.5 0-48-21.5-48-48V80c0-26.5 21.5-48 48-48h352c26.5 0 48 21.5 48 48zm-48 346V86c0-3.3-2.7-6-6-6H54c-3.3 0-6 2.7-6 6v340c0 3.3 2.7 6 6 6h340c3.3 0 6-2.7 6-6z\"><\/path><\/svg><\/span>\n\t\t\t\t\t\t\t\t<span class=\"elementor-toggle-icon-opened\"><svg class=\"elementor-toggle-icon-opened e-font-icon-svg e-fas-caret-square-right\" viewbox=\"0 0 448 512\" xmlns=\"http:\/\/www.w3.org\/2000\/svg\"><path d=\"M48 32h352c26.51 0 48 21.49 48 48v352c0 26.51-21.49 48-48 48H48c-26.51 0-48-21.49-48-48V80c0-26.51 21.49-48 48-48zm140.485 355.515l123.029-123.029c4.686-4.686 4.686-12.284 0-16.971l-123.029-123.03c-7.56-7.56-20.485-2.206-20.485 8.485v246.059c0 10.691 12.926 16.045 20.485 8.486z\"><\/path><\/svg><\/span>\n\t\t\t\t\t\t\t\t\t\t\t\t\t<\/span>\n\t\t\t\t\t\t\t\t\t\t\t\t<a class=\"elementor-toggle-title\" tabindex=\"0\">Su Demineralizasyonu Ama\u00e7l\u0131 Re\u00e7ineler<\/a>\n\t\t\t\t\t<\/div>\n\n\t\t\t\t\t<div id=\"elementor-tab-content-4309\" class=\"elementor-tab-content elementor-clearfix\" data-tab=\"9\" role=\"region\" aria-labelledby=\"elementor-tab-title-4309\"><p>&#8211;<\/p><\/div>\n\t\t\t\t<\/div>\n\t\t\t\t\t\t\t\t<\/div>\n\t\t\t\t\t\t<\/div>\n\t\t\t\t<\/div>\n\t\t\t\t\t<\/div>\n\t\t\t\t<\/div>\n\t\t<div class=\"elementor-element elementor-element-ea6e47b e-flex e-con-boxed e-con e-parent\" data-id=\"ea6e47b\" data-element_type=\"container\">\n\t\t\t\t\t<div class=\"e-con-inner\">\n\t\t\t\t\t<\/div>\n\t\t\t\t<\/div>\n\t\t\t\t<\/div>","protected":false},"excerpt":{"rendered":"<p>Water Treatment Water Treatment Product Group Cooling Water System Chemicals Scale and Deposit Inhibitors Corrosion Inhibitors Closed Circuit System Chemicals &#8211; Potable Water Products Scale and Deposit Inhibitors Cleaning Products Boiler Systems\/Boiler Water Chemicals Organic and Inorganic Corrosion and Scale Inhibitors Oxygen Scavengers Neutralizing Amines Filming Amine Product Swimming Pool Chemicals &#8211; System Cleaning Chemicals&#8230;<\/p>","protected":false},"author":1,"featured_media":0,"parent":85,"menu_order":0,"comment_status":"closed","ping_status":"closed","template":"","meta":{"_kad_post_transparent":"","_kad_post_title":"hide","_kad_post_layout":"fullwidth","_kad_post_sidebar_id":"","_kad_post_content_style":"unboxed","_kad_post_vertical_padding":"hide","_kad_post_feature":"hide","_kad_post_feature_position":"","_kad_post_header":false,"_kad_post_footer":false,"footnotes":""},"class_list":["post-1323","page","type-page","status-publish","hentry"],"_links":{"self":[{"href":"https:\/\/bnbkjupiter.com\/tr\/wp-json\/wp\/v2\/pages\/1323","targetHints":{"allow":["GET"]}}],"collection":[{"href":"https:\/\/bnbkjupiter.com\/tr\/wp-json\/wp\/v2\/pages"}],"about":[{"href":"https:\/\/bnbkjupiter.com\/tr\/wp-json\/wp\/v2\/types\/page"}],"author":[{"embeddable":true,"href":"https:\/\/bnbkjupiter.com\/tr\/wp-json\/wp\/v2\/users\/1"}],"replies":[{"embeddable":true,"href":"https:\/\/bnbkjupiter.com\/tr\/wp-json\/wp\/v2\/comments?post=1323"}],"version-history":[{"count":0,"href":"https:\/\/bnbkjupiter.com\/tr\/wp-json\/wp\/v2\/pages\/1323\/revisions"}],"up":[{"embeddable":true,"href":"https:\/\/bnbkjupiter.com\/tr\/wp-json\/wp\/v2\/pages\/85"}],"wp:attachment":[{"href":"https:\/\/bnbkjupiter.com\/tr\/wp-json\/wp\/v2\/media?parent=1323"}],"curies":[{"name":"wp","href":"https:\/\/api.w.org\/{rel}","templated":true}]}}